{"id":1850,"date":"2021-09-04T10:45:33","date_gmt":"2021-09-04T08:45:33","guid":{"rendered":"http:\/\/nwmtmbt.cluster031.hosting.ovh.net\/?page_id=1850"},"modified":"2025-12-19T22:23:52","modified_gmt":"2025-12-19T21:23:52","slug":"privacy-policy","status":"publish","type":"page","link":"https:\/\/www.ferretti.lu\/index.php\/privacy-policy\/","title":{"rendered":"Privacy Policy"},"content":{"rendered":"<p>[et_pb_section fb_built=&#8221;1&#8243; _builder_version=&#8221;4.10.5&#8243; _module_preset=&#8221;default&#8221; background_color=&#8221;rgba(40,92,102,0.74)&#8221; custom_padding=&#8221;114px||110px||false|false&#8221; global_colors_info=&#8221;{}&#8221;][et_pb_row admin_label=&#8221;Video Row&#8221; _builder_version=&#8221;4.10.5&#8243; max_width=&#8221;none&#8221; custom_padding=&#8221;|||&#8221; global_colors_info=&#8221;{}&#8221;][et_pb_column type=&#8221;4_4&#8243; _builder_version=&#8221;3.25&#8243; custom_padding=&#8221;|||&#8221; global_colors_info=&#8221;{}&#8221; custom_padding__hover=&#8221;|||&#8221;][et_pb_text admin_label=&#8221;Tittle&#8221; _builder_version=&#8221;4.10.5&#8243; text_text_color=&#8221;#FFFFFF&#8221; header_font=&#8221;Montserrat||||||||&#8221; header_text_color=&#8221;#FFFFFF&#8221; header_font_size=&#8221;56px&#8221; header_letter_spacing=&#8221;2px&#8221; header_line_height=&#8221;1.6em&#8221; header_2_font=&#8221;Montserrat||||||||&#8221; header_2_text_align=&#8221;center&#8221; header_2_text_color=&#8221;#FFFFFF&#8221; header_2_font_size=&#8221;40px&#8221; header_2_letter_spacing=&#8221;2px&#8221; header_2_line_height=&#8221;1.6em&#8221; text_orientation=&#8221;center&#8221; background_layout=&#8221;dark&#8221; max_width=&#8221;700px&#8221; module_alignment=&#8221;center&#8221; header_font_size_tablet=&#8221;&#8221; header_font_size_phone=&#8221;30px&#8221; header_font_size_last_edited=&#8221;on|phone&#8221; header_2_font_size_tablet=&#8221;&#8221; header_2_font_size_phone=&#8221;36px&#8221; header_2_font_size_last_edited=&#8221;on|desktop&#8221; global_colors_info=&#8221;{}&#8221;]<\/p>\n<h1>Privacy Policy<span style=\"color: #ff3300;\">\u2022<\/span><\/h1>\n<p>[\/et_pb_text][\/et_pb_column][\/et_pb_row][\/et_pb_section][et_pb_section fb_built=&#8221;1&#8243; _builder_version=&#8221;4.10.5&#8243; _module_preset=&#8221;default&#8221; custom_padding=&#8221;||||false|false&#8221; global_colors_info=&#8221;{}&#8221;][et_pb_row _builder_version=&#8221;4.10.5&#8243; _module_preset=&#8221;default&#8221; global_colors_info=&#8221;{}&#8221;][et_pb_column type=&#8221;4_4&#8243; _builder_version=&#8221;4.10.5&#8243; _module_preset=&#8221;default&#8221; global_colors_info=&#8221;{}&#8221;][et_pb_text _builder_version=&#8221;4.10.5&#8243; _module_preset=&#8221;default&#8221; text_text_color=&#8221;#000000&#8243; text_font_size=&#8221;16px&#8221; hover_enabled=&#8221;0&#8243; global_colors_info=&#8221;{}&#8221; sticky_enabled=&#8221;0&#8243;]<\/p>\n<p style=\"text-align: justify;\"><strong>PERSONAL DATA PROCESSING IS CARRIED OUT VIA WWW.FERRETTI.LU (THE &#8220;WEBSITE&#8221;) BY<\/strong><\/p>\n<p style=\"text-align: justify;\">FERRETTI<br \/>17, am Kazeb\u00ebsch<br \/>L-4522 Oberkorn<\/p>\n<p style=\"text-align: justify;\">a simplified limited liability company (soci\u00e9t\u00e9 \u00e0 responsabilit\u00e9 limit\u00e9e simplifi\u00e9e) governed by the laws of the Grand Duchy of Luxembourg and registered with the Luxembourg Trade and Companies Register (Registre de Commerce et des Soci\u00e9t\u00e9s) under number B 240883 (hereafter referred to as the &#8220;Company&#8221;).<\/p>\n<p style=\"text-align: justify;\"><strong>DATA PROTECTION<\/strong><\/p>\n<p style=\"text-align: justify;\">The Company may need to process your personal data for the purposes of meeting its obligations pursuant to Regulation (EU) 2016\/679 of the European Parliament and of the Council of 27 April 2016 on the protection of natural persons with regard to the processing of personal data and on the free movement of such data (the &#8220;General Data Protection Regulation&#8221; or &#8220;GDPR&#8221;).<\/p>\n<p style=\"text-align: justify;\">If you have any questions regarding how your personal data is processed by the Company, please contact our data protection officer (DPO) on the following email address: info@ferretti.lu.<\/p>\n<p style=\"text-align: justify;\"><strong>USE OF COOKIES<\/strong><\/p>\n<p style=\"text-align: justify;\">You accept that in order to offer an optimal service we may occasionally make use of cookies or other technologies on some or all pages of the website. A \u201ccookie\u201d is a small file that is stored by a website in the browser of your computer, which can be collected during a later visit to the same site. The \u201ccookie\u201d cannot be read by a website other than the one that produced it.<\/p>\n<p style=\"text-align: justify;\">We may use \u201ccookies\u201d only for the execution or facilitation of the transmission of communications to you or for the supply of a service to you on your request, for instance, to register your preference for specific types of information you wish to receive or your access credentials, which avoids the need for you to re-enter the same data via your keyboard for each visit to the website. Most of the \u201ccookies\u201d are only operative for the duration of a single session or visit. None of them contains personal information on the basis of which you could be contacted by telephone, fax, e-mail, \u201csnail mail\u201d or by any other method. You can set your web browser so that it informs you about the receipt of a \u201ccookie\u201d or enables you to refuse the installation of a \u201ccookie\u201d on your hard disk. However, please be aware that if you refuse the installation of \u201ccookies\u201d in your browser, some of the pages of our webiste and online services may not operate correctly or will remain inaccessible. We take the processing and use of your personal data very seriously and all such processing and use by us is subject to this Privacy Policy. By providing us with your personal data for the purpose of using our services offered on the website, you are consenting to the processing and use of your personal data in accordance with our Privacy Policy.<\/p>\n<p style=\"text-align: justify;\"><strong>HYPERLINKS<\/strong><\/p>\n<p style=\"text-align: justify;\">Some hyperlinks on this website may lead to the websites of third parties over which the Company does not exercise any control. Therefore, the Company does neither guarantee nor can the Company be held liable for the accuracy or quality of the information, content or services contained within, or provided by, such websites or third parties.<\/p>\n<p style=\"text-align: justify;\"><strong>COMPETENT JURISDICTION<\/strong><\/p>\n<p style=\"text-align: justify;\">The laws of the Grand Duchy of Luxembourg shall govern all disputes and all other claims arising out of or in connection with this website, its subject matter, content or services provided under it. The courts of Luxembourg shall have exclusive jurisdiction over all disputes and all other claims which arise out of or in connection with this website, its subject matter, content or services provided under it (including non-contractual disputes or claims).<\/p>\n<p style=\"text-align: justify;\">All your personal data collected at the moment of visiting this website or submitting a request via a form or email will be kept confidential within the Company. The collected data may be processed in our visitor&#8217;s and statistical files. Some of these data may also be transferred to another country for statistical information storage. We will not share your personal data with or sell them to third parties.<\/p>\n<p style=\"text-align: justify;\">The Company will act as controller of your personal data in conformity with the provisions of the General Data Protection Regulation (GDPR) and national privacy and data protection legislation. You are at any time entitled to ask access to your processed personal data, to oppose to their use for any purposes, to oppose to their transfer abroad and\/or to request their correction or deletion.<\/p>\n<p>[\/et_pb_text][\/et_pb_column][\/et_pb_row][\/et_pb_section]<\/p>\n","protected":false},"excerpt":{"rendered":"<p>FERRETTI &#8211; Privacy Policy<\/p>\n","protected":false},"author":1,"featured_media":58,"parent":0,"menu_order":0,"comment_status":"closed","ping_status":"closed","template":"","meta":{"_et_pb_use_builder":"on","_et_pb_old_content":"","_et_gb_content_width":"","footnotes":""},"class_list":["post-1850","page","type-page","status-publish","has-post-thumbnail","hentry"],"yoast_head":"<!-- This site is optimized with the Yoast SEO plugin v27.3 - https:\/\/yoast.com\/product\/yoast-seo-wordpress\/ -->\n<title>Privacy Policy - FERRETTI<\/title>\n<meta name=\"description\" content=\"FERRETTI is a Luxembourg-based advisory and real estate firm creating solutions for institutional clients, fund managers &amp; family offices.\" \/>\n<meta name=\"robots\" content=\"index, follow, max-snippet:-1, max-image-preview:large, max-video-preview:-1\" \/>\n<link rel=\"canonical\" href=\"https:\/\/www.ferretti.lu\/index.php\/privacy-policy\/\" \/>\n<meta property=\"og:locale\" content=\"en_GB\" \/>\n<meta property=\"og:type\" content=\"article\" \/>\n<meta property=\"og:title\" content=\"Privacy Policy - FERRETTI\" \/>\n<meta property=\"og:description\" content=\"FERRETTI is a Luxembourg-based advisory and real estate firm creating solutions for institutional clients, fund managers &amp; family offices.\" \/>\n<meta property=\"og:url\" content=\"https:\/\/www.ferretti.lu\/index.php\/privacy-policy\/\" \/>\n<meta property=\"og:site_name\" content=\"FERRETTI\" \/>\n<meta property=\"article:publisher\" content=\"https:\/\/www.facebook.com\/ferrettilu\" \/>\n<meta property=\"article:modified_time\" content=\"2025-12-19T21:23:52+00:00\" \/>\n<meta property=\"og:image\" content=\"https:\/\/www.ferretti.lu\/wp-content\/uploads\/2021\/08\/Ferretti3.png\" \/>\n\t<meta property=\"og:image:width\" content=\"911\" \/>\n\t<meta property=\"og:image:height\" content=\"911\" \/>\n\t<meta property=\"og:image:type\" content=\"image\/png\" \/>\n<meta name=\"twitter:card\" content=\"summary_large_image\" \/>\n<meta name=\"twitter:site\" content=\"@FerrettiLux\" \/>\n<meta name=\"twitter:label1\" content=\"Estimated reading time\" \/>\n\t<meta name=\"twitter:data1\" content=\"4 minutes\" \/>\n<script type=\"application\/ld+json\" class=\"yoast-schema-graph\">{\"@context\":\"https:\\\/\\\/schema.org\",\"@graph\":[{\"@type\":\"WebPage\",\"@id\":\"https:\\\/\\\/www.ferretti.lu\\\/index.php\\\/privacy-policy\\\/\",\"url\":\"https:\\\/\\\/www.ferretti.lu\\\/index.php\\\/privacy-policy\\\/\",\"name\":\"Privacy Policy - FERRETTI\",\"isPartOf\":{\"@id\":\"https:\\\/\\\/www.ferretti.lu\\\/#website\"},\"primaryImageOfPage\":{\"@id\":\"https:\\\/\\\/www.ferretti.lu\\\/index.php\\\/privacy-policy\\\/#primaryimage\"},\"image\":{\"@id\":\"https:\\\/\\\/www.ferretti.lu\\\/index.php\\\/privacy-policy\\\/#primaryimage\"},\"thumbnailUrl\":\"https:\\\/\\\/www.ferretti.lu\\\/wp-content\\\/uploads\\\/2021\\\/08\\\/Ferretti3.png\",\"datePublished\":\"2021-09-04T08:45:33+00:00\",\"dateModified\":\"2025-12-19T21:23:52+00:00\",\"description\":\"FERRETTI is a Luxembourg-based advisory and real estate firm creating solutions for institutional clients, fund managers & family offices.\",\"breadcrumb\":{\"@id\":\"https:\\\/\\\/www.ferretti.lu\\\/index.php\\\/privacy-policy\\\/#breadcrumb\"},\"inLanguage\":\"en-GB\",\"potentialAction\":[{\"@type\":\"ReadAction\",\"target\":[\"https:\\\/\\\/www.ferretti.lu\\\/index.php\\\/privacy-policy\\\/\"]}]},{\"@type\":\"ImageObject\",\"inLanguage\":\"en-GB\",\"@id\":\"https:\\\/\\\/www.ferretti.lu\\\/index.php\\\/privacy-policy\\\/#primaryimage\",\"url\":\"https:\\\/\\\/www.ferretti.lu\\\/wp-content\\\/uploads\\\/2021\\\/08\\\/Ferretti3.png\",\"contentUrl\":\"https:\\\/\\\/www.ferretti.lu\\\/wp-content\\\/uploads\\\/2021\\\/08\\\/Ferretti3.png\",\"width\":911,\"height\":911,\"caption\":\"Real estate, advisory, Luxembourg, family office, institutional investor, independent director, private equity, corporate finance, Ferretti, consulting, core, core plus, value add, properties, governance, deal sourcing, transactions\"},{\"@type\":\"BreadcrumbList\",\"@id\":\"https:\\\/\\\/www.ferretti.lu\\\/index.php\\\/privacy-policy\\\/#breadcrumb\",\"itemListElement\":[{\"@type\":\"ListItem\",\"position\":1,\"name\":\"Home\",\"item\":\"https:\\\/\\\/www.ferretti.lu\\\/\"},{\"@type\":\"ListItem\",\"position\":2,\"name\":\"Advisory & Real Estate in Luxembourg\"}]},{\"@type\":\"WebSite\",\"@id\":\"https:\\\/\\\/www.ferretti.lu\\\/#website\",\"url\":\"https:\\\/\\\/www.ferretti.lu\\\/\",\"name\":\"FERRETTI\",\"description\":\"Real Estate Brokerage, Management Consulting &amp; Strategic Advisory\",\"publisher\":{\"@id\":\"https:\\\/\\\/www.ferretti.lu\\\/#organization\"},\"potentialAction\":[{\"@type\":\"SearchAction\",\"target\":{\"@type\":\"EntryPoint\",\"urlTemplate\":\"https:\\\/\\\/www.ferretti.lu\\\/?s={search_term_string}\"},\"query-input\":{\"@type\":\"PropertyValueSpecification\",\"valueRequired\":true,\"valueName\":\"search_term_string\"}}],\"inLanguage\":\"en-GB\"},{\"@type\":\"Organization\",\"@id\":\"https:\\\/\\\/www.ferretti.lu\\\/#organization\",\"name\":\"FERRETTI\",\"url\":\"https:\\\/\\\/www.ferretti.lu\\\/\",\"logo\":{\"@type\":\"ImageObject\",\"inLanguage\":\"en-GB\",\"@id\":\"https:\\\/\\\/www.ferretti.lu\\\/#\\\/schema\\\/logo\\\/image\\\/\",\"url\":\"https:\\\/\\\/www.ferretti.lu\\\/wp-content\\\/uploads\\\/2021\\\/08\\\/Ferretti3.png\",\"contentUrl\":\"https:\\\/\\\/www.ferretti.lu\\\/wp-content\\\/uploads\\\/2021\\\/08\\\/Ferretti3.png\",\"width\":911,\"height\":911,\"caption\":\"FERRETTI\"},\"image\":{\"@id\":\"https:\\\/\\\/www.ferretti.lu\\\/#\\\/schema\\\/logo\\\/image\\\/\"},\"sameAs\":[\"https:\\\/\\\/www.facebook.com\\\/ferrettilu\",\"https:\\\/\\\/x.com\\\/FerrettiLux\",\"https:\\\/\\\/www.instagram.com\\\/ferrettilux\\\/\"]}]}<\/script>\n<!-- \/ Yoast SEO plugin. -->","yoast_head_json":{"title":"Privacy Policy - FERRETTI","description":"FERRETTI is a Luxembourg-based advisory and real estate firm creating solutions for institutional clients, fund managers & family offices.","robots":{"index":"index","follow":"follow","max-snippet":"max-snippet:-1","max-image-preview":"max-image-preview:large","max-video-preview":"max-video-preview:-1"},"canonical":"https:\/\/www.ferretti.lu\/index.php\/privacy-policy\/","og_locale":"en_GB","og_type":"article","og_title":"Privacy Policy - FERRETTI","og_description":"FERRETTI is a Luxembourg-based advisory and real estate firm creating solutions for institutional clients, fund managers & family offices.","og_url":"https:\/\/www.ferretti.lu\/index.php\/privacy-policy\/","og_site_name":"FERRETTI","article_publisher":"https:\/\/www.facebook.com\/ferrettilu","article_modified_time":"2025-12-19T21:23:52+00:00","og_image":[{"width":911,"height":911,"url":"https:\/\/www.ferretti.lu\/wp-content\/uploads\/2021\/08\/Ferretti3.png","type":"image\/png"}],"twitter_card":"summary_large_image","twitter_site":"@FerrettiLux","twitter_misc":{"Estimated reading time":"4 minutes"},"schema":{"@context":"https:\/\/schema.org","@graph":[{"@type":"WebPage","@id":"https:\/\/www.ferretti.lu\/index.php\/privacy-policy\/","url":"https:\/\/www.ferretti.lu\/index.php\/privacy-policy\/","name":"Privacy Policy - FERRETTI","isPartOf":{"@id":"https:\/\/www.ferretti.lu\/#website"},"primaryImageOfPage":{"@id":"https:\/\/www.ferretti.lu\/index.php\/privacy-policy\/#primaryimage"},"image":{"@id":"https:\/\/www.ferretti.lu\/index.php\/privacy-policy\/#primaryimage"},"thumbnailUrl":"https:\/\/www.ferretti.lu\/wp-content\/uploads\/2021\/08\/Ferretti3.png","datePublished":"2021-09-04T08:45:33+00:00","dateModified":"2025-12-19T21:23:52+00:00","description":"FERRETTI is a Luxembourg-based advisory and real estate firm creating solutions for institutional clients, fund managers & family offices.","breadcrumb":{"@id":"https:\/\/www.ferretti.lu\/index.php\/privacy-policy\/#breadcrumb"},"inLanguage":"en-GB","potentialAction":[{"@type":"ReadAction","target":["https:\/\/www.ferretti.lu\/index.php\/privacy-policy\/"]}]},{"@type":"ImageObject","inLanguage":"en-GB","@id":"https:\/\/www.ferretti.lu\/index.php\/privacy-policy\/#primaryimage","url":"https:\/\/www.ferretti.lu\/wp-content\/uploads\/2021\/08\/Ferretti3.png","contentUrl":"https:\/\/www.ferretti.lu\/wp-content\/uploads\/2021\/08\/Ferretti3.png","width":911,"height":911,"caption":"Real estate, advisory, Luxembourg, family office, institutional investor, independent director, private equity, corporate finance, Ferretti, consulting, core, core plus, value add, properties, governance, deal sourcing, transactions"},{"@type":"BreadcrumbList","@id":"https:\/\/www.ferretti.lu\/index.php\/privacy-policy\/#breadcrumb","itemListElement":[{"@type":"ListItem","position":1,"name":"Home","item":"https:\/\/www.ferretti.lu\/"},{"@type":"ListItem","position":2,"name":"Advisory & Real Estate in Luxembourg"}]},{"@type":"WebSite","@id":"https:\/\/www.ferretti.lu\/#website","url":"https:\/\/www.ferretti.lu\/","name":"FERRETTI","description":"Real Estate Brokerage, Management Consulting &amp; Strategic Advisory","publisher":{"@id":"https:\/\/www.ferretti.lu\/#organization"},"potentialAction":[{"@type":"SearchAction","target":{"@type":"EntryPoint","urlTemplate":"https:\/\/www.ferretti.lu\/?s={search_term_string}"},"query-input":{"@type":"PropertyValueSpecification","valueRequired":true,"valueName":"search_term_string"}}],"inLanguage":"en-GB"},{"@type":"Organization","@id":"https:\/\/www.ferretti.lu\/#organization","name":"FERRETTI","url":"https:\/\/www.ferretti.lu\/","logo":{"@type":"ImageObject","inLanguage":"en-GB","@id":"https:\/\/www.ferretti.lu\/#\/schema\/logo\/image\/","url":"https:\/\/www.ferretti.lu\/wp-content\/uploads\/2021\/08\/Ferretti3.png","contentUrl":"https:\/\/www.ferretti.lu\/wp-content\/uploads\/2021\/08\/Ferretti3.png","width":911,"height":911,"caption":"FERRETTI"},"image":{"@id":"https:\/\/www.ferretti.lu\/#\/schema\/logo\/image\/"},"sameAs":["https:\/\/www.facebook.com\/ferrettilu","https:\/\/x.com\/FerrettiLux","https:\/\/www.instagram.com\/ferrettilux\/"]}]}},"_links":{"self":[{"href":"https:\/\/www.ferretti.lu\/index.php\/wp-json\/wp\/v2\/pages\/1850","targetHints":{"allow":["GET"]}}],"collection":[{"href":"https:\/\/www.ferretti.lu\/index.php\/wp-json\/wp\/v2\/pages"}],"about":[{"href":"https:\/\/www.ferretti.lu\/index.php\/wp-json\/wp\/v2\/types\/page"}],"author":[{"embeddable":true,"href":"https:\/\/www.ferretti.lu\/index.php\/wp-json\/wp\/v2\/users\/1"}],"replies":[{"embeddable":true,"href":"https:\/\/www.ferretti.lu\/index.php\/wp-json\/wp\/v2\/comments?post=1850"}],"version-history":[{"count":3,"href":"https:\/\/www.ferretti.lu\/index.php\/wp-json\/wp\/v2\/pages\/1850\/revisions"}],"predecessor-version":[{"id":4533,"href":"https:\/\/www.ferretti.lu\/index.php\/wp-json\/wp\/v2\/pages\/1850\/revisions\/4533"}],"wp:featuredmedia":[{"embeddable":true,"href":"https:\/\/www.ferretti.lu\/index.php\/wp-json\/wp\/v2\/media\/58"}],"wp:attachment":[{"href":"https:\/\/www.ferretti.lu\/index.php\/wp-json\/wp\/v2\/media?parent=1850"}],"curies":[{"name":"wp","href":"https:\/\/api.w.org\/{rel}","templated":true}]}}